{"id":776,"date":"2021-08-26T17:15:50","date_gmt":"2021-08-26T15:15:50","guid":{"rendered":"https:\/\/staging-lba.connected-company.fr\/inscription\/"},"modified":"2021-08-26T17:15:50","modified_gmt":"2021-08-26T15:15:50","slug":"inscription","status":"publish","type":"page","link":"https:\/\/staging-lba.connected-company.fr\/en\/inscription\/","title":{"rendered":"Inscription"},"content":{"rendered":"","protected":false},"excerpt":{"rendered":"","protected":false},"author":2,"featured_media":0,"parent":0,"menu_order":0,"comment_status":"closed","ping_status":"closed","template":"pages\/inscription\/template-inscription.php","meta":{"_acf_changed":false,"footnotes":""},"class_list":["post-776","page","type-page","status-publish","hentry"],"acf":[],"yoast_head":"<!-- This site is optimized with the Yoast SEO plugin v27.4 - https:\/\/yoast.com\/product\/yoast-seo-wordpress\/ -->\n<title>Inscription - LBA (Les Belles Ann\u00e9es)<\/title>\n<meta name=\"robots\" content=\"noindex, follow, max-snippet:-1, max-image-preview:large, max-video-preview:-1\" \/>\n<meta property=\"og:locale\" content=\"en_US\" \/>\n<meta property=\"og:type\" content=\"article\" \/>\n<meta property=\"og:title\" content=\"Inscription - LBA (Les Belles Ann\u00e9es)\" \/>\n<meta property=\"og:url\" content=\"https:\/\/staging-lba.connected-company.fr\/en\/inscription\/\" \/>\n<meta property=\"og:site_name\" content=\"LBA (Les Belles Ann\u00e9es)\" \/>\n<meta property=\"article:publisher\" content=\"https:\/\/www.facebook.com\/les.belles.annees\/\" \/>\n<meta name=\"twitter:card\" content=\"summary_large_image\" \/>\n<script type=\"application\/ld+json\" class=\"yoast-schema-graph\">{\"@context\":\"https:\\\/\\\/schema.org\",\"@graph\":[{\"@type\":\"WebPage\",\"@id\":\"https:\\\/\\\/staging-lba.connected-company.fr\\\/en\\\/inscription\\\/\",\"url\":\"https:\\\/\\\/staging-lba.connected-company.fr\\\/en\\\/inscription\\\/\",\"name\":\"Inscription - LBA (Les Belles Ann\u00e9es)\",\"isPartOf\":{\"@id\":\"https:\\\/\\\/staging-lba.connected-company.fr\\\/en\\\/#website\"},\"datePublished\":\"2021-08-26T15:15:50+00:00\",\"breadcrumb\":{\"@id\":\"https:\\\/\\\/staging-lba.connected-company.fr\\\/en\\\/inscription\\\/#breadcrumb\"},\"inLanguage\":\"en-US\",\"potentialAction\":[{\"@type\":\"ReadAction\",\"target\":[\"https:\\\/\\\/staging-lba.connected-company.fr\\\/en\\\/inscription\\\/\"]}]},{\"@type\":\"BreadcrumbList\",\"@id\":\"https:\\\/\\\/staging-lba.connected-company.fr\\\/en\\\/inscription\\\/#breadcrumb\",\"itemListElement\":[{\"@type\":\"ListItem\",\"position\":1,\"name\":\"Home\",\"item\":\"https:\\\/\\\/staging-lba.connected-company.fr\\\/en\\\/\"},{\"@type\":\"ListItem\",\"position\":2,\"name\":\"Inscription\"}]},{\"@type\":\"WebSite\",\"@id\":\"https:\\\/\\\/staging-lba.connected-company.fr\\\/en\\\/#website\",\"url\":\"https:\\\/\\\/staging-lba.connected-company.fr\\\/en\\\/\",\"name\":\"LBA (Les Belles Ann\u00e9es)\",\"description\":\"R\u00e9sidences \u00c9tudiantes\",\"potentialAction\":[{\"@type\":\"SearchAction\",\"target\":{\"@type\":\"EntryPoint\",\"urlTemplate\":\"https:\\\/\\\/staging-lba.connected-company.fr\\\/en\\\/?s={search_term_string}\"},\"query-input\":{\"@type\":\"PropertyValueSpecification\",\"valueRequired\":true,\"valueName\":\"search_term_string\"}}],\"inLanguage\":\"en-US\"}]}<\/script>\n<!-- \/ Yoast SEO plugin. -->","yoast_head_json":{"title":"Inscription - LBA (Les Belles Ann\u00e9es)","robots":{"index":"noindex","follow":"follow","max-snippet":"max-snippet:-1","max-image-preview":"max-image-preview:large","max-video-preview":"max-video-preview:-1"},"og_locale":"en_US","og_type":"article","og_title":"Inscription - LBA (Les Belles Ann\u00e9es)","og_url":"https:\/\/staging-lba.connected-company.fr\/en\/inscription\/","og_site_name":"LBA (Les Belles Ann\u00e9es)","article_publisher":"https:\/\/www.facebook.com\/les.belles.annees\/","twitter_card":"summary_large_image","schema":{"@context":"https:\/\/schema.org","@graph":[{"@type":"WebPage","@id":"https:\/\/staging-lba.connected-company.fr\/en\/inscription\/","url":"https:\/\/staging-lba.connected-company.fr\/en\/inscription\/","name":"Inscription - LBA (Les Belles Ann\u00e9es)","isPartOf":{"@id":"https:\/\/staging-lba.connected-company.fr\/en\/#website"},"datePublished":"2021-08-26T15:15:50+00:00","breadcrumb":{"@id":"https:\/\/staging-lba.connected-company.fr\/en\/inscription\/#breadcrumb"},"inLanguage":"en-US","potentialAction":[{"@type":"ReadAction","target":["https:\/\/staging-lba.connected-company.fr\/en\/inscription\/"]}]},{"@type":"BreadcrumbList","@id":"https:\/\/staging-lba.connected-company.fr\/en\/inscription\/#breadcrumb","itemListElement":[{"@type":"ListItem","position":1,"name":"Home","item":"https:\/\/staging-lba.connected-company.fr\/en\/"},{"@type":"ListItem","position":2,"name":"Inscription"}]},{"@type":"WebSite","@id":"https:\/\/staging-lba.connected-company.fr\/en\/#website","url":"https:\/\/staging-lba.connected-company.fr\/en\/","name":"LBA (Les Belles Ann\u00e9es)","description":"R\u00e9sidences \u00c9tudiantes","potentialAction":[{"@type":"SearchAction","target":{"@type":"EntryPoint","urlTemplate":"https:\/\/staging-lba.connected-company.fr\/en\/?s={search_term_string}"},"query-input":{"@type":"PropertyValueSpecification","valueRequired":true,"valueName":"search_term_string"}}],"inLanguage":"en-US"}]}},"_links":{"self":[{"href":"https:\/\/staging-lba.connected-company.fr\/en\/wp-json\/wp\/v2\/pages\/776","targetHints":{"allow":["GET"]}}],"collection":[{"href":"https:\/\/staging-lba.connected-company.fr\/en\/wp-json\/wp\/v2\/pages"}],"about":[{"href":"https:\/\/staging-lba.connected-company.fr\/en\/wp-json\/wp\/v2\/types\/page"}],"author":[{"embeddable":true,"href":"https:\/\/staging-lba.connected-company.fr\/en\/wp-json\/wp\/v2\/users\/2"}],"replies":[{"embeddable":true,"href":"https:\/\/staging-lba.connected-company.fr\/en\/wp-json\/wp\/v2\/comments?post=776"}],"version-history":[{"count":0,"href":"https:\/\/staging-lba.connected-company.fr\/en\/wp-json\/wp\/v2\/pages\/776\/revisions"}],"wp:attachment":[{"href":"https:\/\/staging-lba.connected-company.fr\/en\/wp-json\/wp\/v2\/media?parent=776"}],"curies":[{"name":"wp","href":"https:\/\/api.w.org\/{rel}","templated":true}]}}